{"id":7551,"date":"2019-05-03T06:26:13","date_gmt":"2019-05-03T06:26:13","guid":{"rendered":"http:\/\/www.ch-info.ch\/wp\/?page_id=7551"},"modified":"2019-05-07T08:59:27","modified_gmt":"2019-05-07T08:59:27","slug":"ferienwohnung-graubuenden","status":"publish","type":"page","link":"https:\/\/www.ch-info.ch\/wp\/ferienwohnung-graubuenden\/","title":{"rendered":"Ferienwohnungen Graub\u00fcnden"},"content":{"rendered":"<p>Das Ferienwohnungen Graub\u00fcnden Portal ist neu geschaltet und stellt Ferienwohnungen in Graub\u00fcnden die zum Mieten sind gratis vor. Zudem finden Sie in max. 5 Regionen Graub\u00fcndens ImmobilienberaterInnen, die Ihnen auch eine Ferienwohnung zum Kaufen suchen oder Ihnen Ihre FEWO GR auch verkaufen helfen. Die Informationen finden Sie auf <a href=\"https:\/\/www.ferienwohnung-graub\u00fcnden.ch\/wp\/\" target=\"_blank\" rel=\"noopener noreferrer\">Ferienwohnungen Graub\u00fcnden<\/a><\/p>\n<figure id=\"attachment_7457\" aria-describedby=\"caption-attachment-7457\" style=\"width: 739px\" class=\"wp-caption alignnone\"><a href=\"https:\/\/www.ferienwohnung-arosa.ch\/\" target=\"_blank\" rel=\"noopener noreferrer\"><img loading=\"lazy\" decoding=\"async\" class=\"wp-image-7457\" title=\"ferienwohnung arosa\" src=\"http:\/\/www.ch-info.ch\/wp\/wp-content\/uploads\/2019\/02\/ferienwohnunen-arosa-300x56.jpg\" alt=\"ferienwohnung arosa\" width=\"739\" height=\"138\" srcset=\"https:\/\/www.ch-info.ch\/wp\/wp-content\/uploads\/2019\/02\/ferienwohnunen-arosa-300x56.jpg 300w, https:\/\/www.ch-info.ch\/wp\/wp-content\/uploads\/2019\/02\/ferienwohnunen-arosa-768x143.jpg 768w, https:\/\/www.ch-info.ch\/wp\/wp-content\/uploads\/2019\/02\/ferienwohnunen-arosa-1024x191.jpg 1024w, https:\/\/www.ch-info.ch\/wp\/wp-content\/uploads\/2019\/02\/ferienwohnunen-arosa.jpg 1072w\" sizes=\"auto, (max-width: 739px) 100vw, 739px\" \/><\/a><figcaption id=\"caption-attachment-7457\" class=\"wp-caption-text\">exklusive Ferienwohnung Arosa<\/figcaption><\/figure>\n<p>Neue Ferienwohnungen Graub\u00fcnden entstehen in Arosa dem Topkurort GR. Der Architekt ist am Planen, die Baueingabe erfolgt schon bald. Bei den Fewos handelt es sich um 2. Wohnungen. Alle Infomationen finden Sie bei unserem Immobilien Graub\u00fcnden Partner<\/p>\n<p>Arosaexklusiv mit <a href=\"https:\/\/www.ferienwohnung-arosa.ch\/\" target=\"_blank\" rel=\"noopener noreferrer\">Ferienwohnungen Arosa<\/a> &#8211; <a href=\"https:\/\/www.immo-arosa.com\/\" target=\"_blank\" rel=\"noopener noreferrer\">Immobilien Arosa<\/a><\/p>\n<p>Es folgen noch max. 5 Verkaufspartner\u00a0 in den Regionen GR<\/p>\n<p>Ferienwohnung Calancatal- Lage Anfahrt<\/p>\n<p>Ferienwohnung Unterengadin Lage Anfahrt<\/p>\n<p>Ferienwohnung Oberengadin Lage Anfahrt<\/p>\n<p>Ferienwohnung Davos Lage Anfahrt<\/p>\n<p>Ferienwohnung in Rustico im Misox<\/p>\n<p>&nbsp;<\/p>\n<p>&nbsp;<\/p>\n","protected":false},"excerpt":{"rendered":"<p>Das Ferienwohnungen Graub\u00fcnden Portal ist neu geschaltet und stellt Ferienwohnungen in Graub\u00fcnden die zum Mieten sind gratis vor. Zudem finden Sie in max. 5 Regionen Graub\u00fcndens ImmobilienberaterInnen, die Ihnen auch eine Ferienwohnung zum Kaufen suchen oder Ihnen Ihre FEWO GR auch verkaufen helfen. Die Informationen finden Sie auf Ferienwohnungen Graub\u00fcnden Neue Ferienwohnungen Graub\u00fcnden entstehen in [&hellip;]<\/p>\n","protected":false},"author":7,"featured_media":0,"parent":0,"menu_order":0,"comment_status":"closed","ping_status":"closed","template":"","meta":{"footnotes":""},"class_list":["post-7551","page","type-page","status-publish","czr-hentry"],"_links":{"self":[{"href":"https:\/\/www.ch-info.ch\/wp\/wp-json\/wp\/v2\/pages\/7551","targetHints":{"allow":["GET"]}}],"collection":[{"href":"https:\/\/www.ch-info.ch\/wp\/wp-json\/wp\/v2\/pages"}],"about":[{"href":"https:\/\/www.ch-info.ch\/wp\/wp-json\/wp\/v2\/types\/page"}],"author":[{"embeddable":true,"href":"https:\/\/www.ch-info.ch\/wp\/wp-json\/wp\/v2\/users\/7"}],"replies":[{"embeddable":true,"href":"https:\/\/www.ch-info.ch\/wp\/wp-json\/wp\/v2\/comments?post=7551"}],"version-history":[{"count":5,"href":"https:\/\/www.ch-info.ch\/wp\/wp-json\/wp\/v2\/pages\/7551\/revisions"}],"predecessor-version":[{"id":7566,"href":"https:\/\/www.ch-info.ch\/wp\/wp-json\/wp\/v2\/pages\/7551\/revisions\/7566"}],"wp:attachment":[{"href":"https:\/\/www.ch-info.ch\/wp\/wp-json\/wp\/v2\/media?parent=7551"}],"curies":[{"name":"wp","href":"https:\/\/api.w.org\/{rel}","templated":true}]}}