{"id":6383,"date":"2018-05-30T07:49:34","date_gmt":"2018-05-30T07:49:34","guid":{"rendered":"http:\/\/www.ch-info.ch\/wp\/?page_id=6383"},"modified":"2018-08-07T09:31:38","modified_gmt":"2018-08-07T09:31:38","slug":"datenschutz","status":"publish","type":"page","link":"https:\/\/www.ch-info.ch\/wp\/datenschutz\/","title":{"rendered":"Datenschutz"},"content":{"rendered":"<p><a href=\"https:\/\/www.tourismus-mittelland.ch\/\" target=\"_blank\" rel=\"noopener\"><img loading=\"lazy\" decoding=\"async\" class=\"alignnone wp-image-3935\" src=\"http:\/\/www.ch-info.ch\/wp\/wp-content\/uploads\/2017\/02\/region-solothurn-tourismus536.jpg\" alt=\"tourismus mittelland\" width=\"781\" height=\"218\" srcset=\"https:\/\/www.ch-info.ch\/wp\/wp-content\/uploads\/2017\/02\/region-solothurn-tourismus536.jpg 562w, https:\/\/www.ch-info.ch\/wp\/wp-content\/uploads\/2017\/02\/region-solothurn-tourismus536-300x84.jpg 300w\" sizes=\"auto, (max-width: 781px) 100vw, 781px\" \/><\/a><\/p>\n<p><b>Impressum Datenschutz AGB <\/b><\/p>\n<p><b>Adresse dieser Webseite <a href=\"http:\/\/www.ch-info.ch\" target=\"_blank\" rel=\"noopener\">www.ch-info.ch\u00a0<\/a><\/b><\/p>\n<p><b>Die Adresse unserer Firmenwebseite ist <a href=\"http:\/\/www.userhelp.ch\/\" target=\"_blank\" rel=\"noopener\">www.userhelp.ch<\/a> &#8211; siehe auch <a href=\"https:\/\/www.ch-info.ch\/\">www.ch-info.ch<\/a><\/b><\/p>\n<p><b>Mit der Ben\u00fctzung der Webseiten + Dokumente von userhelp.ch akzeptieren Sie schweizerisches Recht und unserer AGB. Allf\u00e4lliger Gerichtsstand ist Solothurn! <\/b><\/p>\n<p><b>Mehr Infos unten!<\/b><\/p>\n<p><b>J\u00fcrg Kr\u00e4mer, Talackerstrasse 1, 4562 Biberist (mehr Infos unten!)<\/b><\/p>\n<p><b>Keine backlink Anfragen, gerne aber Seo!<\/b><\/p>\n<p><b>Kontakt nur via Formular auf <a href=\"http:\/\/www.schweiz-ferien.info\/\" target=\"_blank\" rel=\"noopener\">www.schweiz-ferien.info<\/a> &#8211; Lesen Sie bitte vorher:<\/b><\/p>\n<p><a href=\"https:\/\/www.schweiz-ferien.info\/information-booking\/kontakt-gratis-werbung\/\" target=\"_blank\" rel=\"noopener\"><b>https:\/\/www.schweiz-ferien.info\/information-booking\/kontakt-gratis-werbung\/<\/b><\/a><\/p>\n<p><b>Wichtiges und AGB<\/b><\/p>\n<p>Die Webseiten, Verlinkungen, Dokumente und PDF werden durch userhelpsorgf\u00e4ltig erstellt. Userhelp haftet nicht bei Fehlern, es gelten immer die Originalwebseiten der Direktanbieter und die Orginaldokumente. Das gilt ganz speziell f\u00fcr Framefenster und Links! Mehr siehe unten!<\/p>\n<p>Unsere <b>eigenen Fotos <\/b>sind frei verwendbar, aber nach <b>cc by sa 3.0 &#8211; ch-info.ch <\/b><\/p>\n<p><b>Im Web auch mit Link zur Orginalfoto!) <\/b>siehe <a href=\"http:\/\/www.ch-info.ch\/\">www.ch-info.ch<\/a> &#8211; keine Fotoverwendung korrekte Quellenangabe!<\/p>\n<p>Unsere Computer sind virengepr\u00fcft. Wir raten jedoch auch zu einer eigenen Virenkontrolle.<\/p>\n<p>Eine Haftung bei Virenbefall schliessen wir aus. Die Webseiten, Texte und versendeten PDF werden sorgf\u00e4ltig erstellt und unterstehen <b>schweizerischem Recht.<\/b> Ihre Rechte als Konsument beim Datenschutz werden eingehalten.Mit der Nutzung unserer Webseite akzeptieren Sie ausdr\u00fccklich schweizerisches Recht! Gerichtsstand ist Solothurn, Schweiz.<\/p>\n<p>Die Europ\u00e4ische Datenschutzgrundverordnung hat ab 25.05.2018 Ihre G\u00fcltigkeit erlangt. Dank der Verordnung wurden die Rechte von Konsumenten in der EU beim Datenschutzes verbessert.<\/p>\n<p><b>Diese Webseite untersteht aber schweizerischem Recht! Mit der Nutzung akzeptieren Sie schweizerisches Recht und als Gerichtsstand Solothurn. Sie akzeptieren auch unsere AGB.<\/b><\/p>\n<p><b>Datenschutz haben wir seit jeher ernst genommen<\/b> und Sie informiert, was wir mit Ihren Daten machen. Sie nehmen zur Kenntnis, dass userhelp eine unverschl\u00fcsselte Mailkommunikation mit seinen Kunden hat und sind damit einverstanden. Andernfalls teilen Sie uns dass wir mit Ihnen nur den Briefverkehr verwenden sollen.<\/p>\n<p>Userhelp und seine Portale (Adressdaten am Schluss dieses Schreiben) verarbeiten in der Regel die unten aufgef\u00fchrten Daten im Rahmen Ihrer Anfrage: Vorname, Nachname, Adresse, Telefonnummer, E-Mail-Adresse, Angaben zu Ihrer Anfrage, z.B. im Falle einer Immobiliensuche oder Verkaufs eines Objekt oder bei der Immobilienvermarktung alle Angaben \u00fcber die Immobilie. Bei Verk\u00e4ufen erhalten ernsthafte InteressentInnen, die wir pers\u00f6nlich kennen gelernt haben, alle notwendigen Unterlagen, um bei Ihrer Bank eine Hypofinanzierung anfragen zu k\u00f6nnen. Beim Verkaufsabschluss, z.B. beim Immobilienkauf, sind noch mehr Daten notwendig, wie Bankverbindung, Angaben zur Identit\u00e4t, Ausweiskopien.<\/p>\n<p>Personenbezogenen Daten werden ausschliesslich im Rahmen der Erf\u00fcllung des Vertragsverh\u00e4ltnisses weitergegeben. Eine Weitergabe der Daten erfolgt dabei auch an die Vertragspartner, sowie an Notare und Grundbuch\u00e4mter, und gem\u00e4ss Gesetz, allenfalls auch an die Aufsichtsbeh\u00f6rden. Die personenbezogenen Daten werden durch userhelp-MitarbeiterInnen verarbeitet. Aber auch durch ausgew\u00e4hlte Drittanbieter-Unternehmen wie IT-Dienstleister, Hosting-Provider z.B. Solnet, net4you, swisscom, Jimdo), dessen Produkte userhelp zur Verarbeitung und Pr\u00e4sentation Ihrer Immobilien oder Produkte ben\u00f6tigt. Diese meisten Firmen sind in der Schweiz und Europa. userhelp \u00fcbermittelt grunds\u00e4tzlich keine personenbezogenen Daten ausserhalb Europa. Die genutzten Server befinden sich innerhalb der Europ\u00e4ischen Union, die meisten in der Schweiz. Allerdings nutzt userhelp f\u00fcr die Seo auch Dienste von Google und Jimdo. Die Daten von anfragenden Immobilien Interessierten bleiben bei der Firma userhelp. Sie werden nur an ausgew\u00e4hlte Partnerfirmen weitergegeben, wenn das f\u00fcr die Bearbeitung Ihrer Anfrage oder Ausf\u00fchrung Ihres Aufrages n\u00f6tig ist (z.B. an den Architekten f\u00fcr eine Schatzung oder an die Banken f\u00fcr Hypothekanfragen). Userhelp und die von userhelp beauftragten Firmen und Notare speichern Daten im Zusammenhang mit dem Vertragsverh\u00e4ltnis f\u00fcr die Dauer der Aufbewahrungsfrist, die sich aus den gesetzlichen Bestimmungen ergeben. Ferner speichert userhelp Ihre Daten im Zusammenhang mit Ihrer Anfrage oder Ihrem Auftrag bis zum Abschluss des Gesch\u00e4fts oder Widerruf Ihrer Einwilligung\/ Auftrag userhelp gegen\u00fcber. Bei einer allf\u00e4lligen vorzeitigen K\u00fcndigung oder normalen Abschluss des Auftragsverh\u00e4ltnisses erhalten Sie alle Orginaldokumente zur\u00fcck. Userhelp kann nicht verpflichtet werden Kopien von Dokumenten, die an InteressentInnen abgegeben wurden, um z.B. Offerten bei der Bank einzuholen, zur\u00fcckzuholen. Userhelp kann Kopien des Gesch\u00e4ftsablaufs und Dokumente speichern, w\u00e4hrend der gesetzlich vorbeschriebenen Aufbewahrungsfrist. Bei Liegenschaftsverk\u00e4ufen gelten zus\u00e4tzlich die Bestimmungen f\u00fcr Notare und Grundbuchamt.<\/p>\n<p>Userhelp vereinbahrt <b>alle Abmachungen mindestens per Mail<\/b>, wichtige Abmachungen wie Auftrag zum Liegenschaftsverkauf immer schriftlich und auf Wunsch auf mit Notar.<\/p>\n<p>In einem Streitfall akzeptiert userhelp als Schiedsgericht den Beobachter, so haben Sie und wir Gew\u00e4hr, dass nicht unn\u00f6tig Geld f\u00fcr Rechtsstreitigkeiten ausgegeben werden muss. Sind Sie mit dem Vorschlag des Beobachters nicht einverstanden, k\u00f6nnten Sie immer noch klagen.<\/p>\n<p>Gerichtsstand ist immer Solothurn \u2013 unsere T\u00e4tigkeiten unterstehen schweizerischem Recht.<\/p>\n<p>Einzelne unsere Webseiten laufen auch bei Jimdo.com. Die meiten aber in der Schweiz bei solnet.ch, net4you.ch oder anderen CH Firmen \u2013 diese Firmen haben eigene AGB und Datenschutzerkl\u00e4rungen, diese erg\u00e4nzen unsere!<\/p>\n<p>Wenn Besucher auf den Websiten surfen, sammeln wir Daten, die der Wiedererkennung, Statistik und Erkennung von Spam zu n\u00fctzen. Wenn Sie ein registrierter Benutzer sind und Fotos auf diese Website laden, sollten Sie vermeiden, Fotos mit einem EXIF-GPS-Standort hochzuladen. Besucher dieser Website k\u00f6nnten Fotos, die auf dieser Website gespeichert sind, downloaden und deren Standort-Informationen extrahieren. Wenn Sie einen Kommentar auf unserer Website schreiben, kann das eine Einwilligung sein, Ihren Namen, E-Mail-Adresse und Website in Cookies zu speichern. Dies ist eine Komfortfunktion, damit Sie nicht, wenn Sie einen weiteren Kommentar schreiben, all diese Daten erneut eingeben m\u00fcssen. Falls Sie ein Konto haben und Sie sich auf dieser Website anmelden, werden wir ein tempor\u00e4res Cookie setzen.Wenn Sie einen Artikel bearbeiten oder ver\u00f6ffentlichen, wird ein zus\u00e4tzlicher Cookie in Ihrem Browser gespeichert. Dieser Cookie enth\u00e4lt keine personenbezogenen Daten und verweist nur auf die Beitrags-ID des Artikels, den Sie gerade bearbeitet haben. Der Cookie verf\u00e4llt nach einem Tag. Beitr\u00e4ge auf dieser Website k\u00f6nnen eingebettete Inhalte beinhalten (z. B. Videos, Bilder, etc.). Eingebettete Inhalte von anderen Websites verhalten sich exakt so, als ob der Besucher die andere Website besucht h\u00e4tte. Diese Websites k\u00f6nnen Daten \u00fcber Sie sammeln, Cookies benutzen, zus\u00e4tzliche Tracking-Dienste von Dritten einbetten und Ihre Interaktion mit diesem eingebetteten Inhalt aufzeichnen, inklusive Ihrer Interaktion mit dem eingebetteten Inhalt, falls Sie ein Konto haben und auf dieser Website angemeldet sind. F\u00fcr diese Inhalte ist userhelp nicht zust\u00e4ndig und nicht haftbar. Mit der Nutzung unserer Webseite, Ihrer Anfrage bei uns oder beim Verkauf einer Liegenschaft, akzeptieren Sie schweizerisches Recht und unsere AGB mit Gerichtsstand Solothurn.<\/p>\n<p><b>Nicht einverstanden?<\/b><\/p>\n<p>Wir diskutieren gerne mit Ihnen, um eine L\u00f6sung zu finden. Kontaktieren Sie uns doch bitte per Mailformular!<\/p>\n<p><b>Verantwortlicher der Firma userhelp<\/b><\/p>\n<p><b>J\u00fcrg Kr\u00e4mer, Inhaber und Gesch\u00e4ftsf\u00fchrer<\/b><\/p>\n<p><b>eidg.dipl. Berufsschullehrer \/ NDS elearning<\/b><\/p>\n<p><b>Talackerstrasse 1, 4562 Biberist<\/b><\/p>\n<p><b>Keine backlink Anfragen, gerne aber Seo!<\/b><\/p>\n<p><b>Kontaktaufaufnahme via Formular auf <a href=\"http:\/\/www.schweiz-ferien.info\/\" target=\"_blank\" rel=\"noopener\">www.schweiz-ferien.info<\/a><\/b><\/p>\n<p><b>Lesen Sie bitte vorher!<\/b><\/p>\n<p><b><a href=\"https:\/\/www.schweiz-ferien.info\/information-booking\/kontakt-gratis-werbung\/\" target=\"_blank\" rel=\"noopener\">https:\/\/www.schweiz-ferien.info\/information-booking\/kontakt-gratis-werbung\/<\/a> <\/b><\/p>\n<p><b>Direktmail info*hierzeichenfuermail*userhelp.*Abk\u00fcrzung f\u00fcr Schweiz* <\/b><\/p>\n<p><b>Unsere Region: <a href=\"http:\/\/www.wasseramt.ch\/\" target=\"_blank\" rel=\"noopener\">www.wasseramt.ch<\/a> im Kanton Solothurn <a href=\"http:\/\/www.solothurn-solothurn.ch\/\" target=\"_blank\" rel=\"noopener\">www.solothurn-solothurn.ch<\/a> <\/b><\/p>\n<p>&nbsp;<\/p>\n<p><a href=\"http:\/\/www.ch-info.ch\/wp\/wp-content\/uploads\/2017\/08\/kanton-solothurn-tourismus100.jpg\"><img loading=\"lazy\" decoding=\"async\" class=\"alignnone size-full wp-image-5525\" src=\"http:\/\/www.ch-info.ch\/wp\/wp-content\/uploads\/2017\/08\/kanton-solothurn-tourismus100.jpg\" alt=\"\" width=\"895\" height=\"157\" srcset=\"https:\/\/www.ch-info.ch\/wp\/wp-content\/uploads\/2017\/08\/kanton-solothurn-tourismus100.jpg 895w, https:\/\/www.ch-info.ch\/wp\/wp-content\/uploads\/2017\/08\/kanton-solothurn-tourismus100-300x53.jpg 300w, https:\/\/www.ch-info.ch\/wp\/wp-content\/uploads\/2017\/08\/kanton-solothurn-tourismus100-768x135.jpg 768w\" sizes=\"auto, (max-width: 895px) 100vw, 895px\" \/><\/a><\/p>\n","protected":false},"excerpt":{"rendered":"<p>Impressum Datenschutz AGB Adresse dieser Webseite www.ch-info.ch\u00a0 Die Adresse unserer Firmenwebseite ist www.userhelp.ch &#8211; siehe auch www.ch-info.ch Mit der Ben\u00fctzung der Webseiten + Dokumente von userhelp.ch akzeptieren Sie schweizerisches Recht und unserer AGB. Allf\u00e4lliger Gerichtsstand ist Solothurn! Mehr Infos unten! J\u00fcrg Kr\u00e4mer, Talackerstrasse 1, 4562 Biberist (mehr Infos unten!) Keine backlink Anfragen, gerne aber Seo! [&hellip;]<\/p>\n","protected":false},"author":1,"featured_media":0,"parent":0,"menu_order":0,"comment_status":"closed","ping_status":"closed","template":"","meta":{"footnotes":""},"class_list":["post-6383","page","type-page","status-publish","czr-hentry"],"_links":{"self":[{"href":"https:\/\/www.ch-info.ch\/wp\/wp-json\/wp\/v2\/pages\/6383","targetHints":{"allow":["GET"]}}],"collection":[{"href":"https:\/\/www.ch-info.ch\/wp\/wp-json\/wp\/v2\/pages"}],"about":[{"href":"https:\/\/www.ch-info.ch\/wp\/wp-json\/wp\/v2\/types\/page"}],"author":[{"embeddable":true,"href":"https:\/\/www.ch-info.ch\/wp\/wp-json\/wp\/v2\/users\/1"}],"replies":[{"embeddable":true,"href":"https:\/\/www.ch-info.ch\/wp\/wp-json\/wp\/v2\/comments?post=6383"}],"version-history":[{"count":8,"href":"https:\/\/www.ch-info.ch\/wp\/wp-json\/wp\/v2\/pages\/6383\/revisions"}],"predecessor-version":[{"id":6584,"href":"https:\/\/www.ch-info.ch\/wp\/wp-json\/wp\/v2\/pages\/6383\/revisions\/6584"}],"wp:attachment":[{"href":"https:\/\/www.ch-info.ch\/wp\/wp-json\/wp\/v2\/media?parent=6383"}],"curies":[{"name":"wp","href":"https:\/\/api.w.org\/{rel}","templated":true}]}}