{"id":6326,"date":"2018-05-16T14:16:52","date_gmt":"2018-05-16T14:16:52","guid":{"rendered":"http:\/\/www.ch-info.ch\/wp\/?page_id=6326"},"modified":"2021-07-20T09:00:54","modified_gmt":"2021-07-20T09:00:54","slug":"tourismus-berneroberland","status":"publish","type":"page","link":"https:\/\/www.ch-info.ch\/wp\/tourismus-berneroberland\/","title":{"rendered":"Tourismus Berner Oberland"},"content":{"rendered":"<h1>Ferienwohnungen Berner Oberland<\/h1>\n<p><img loading=\"lazy\" decoding=\"async\" class=\"alignnone size-full wp-image-8351\" src=\"https:\/\/www.ch-info.ch\/wp\/wp-content\/uploads\/2020\/05\/sommerferien-schweiz-2020.jpg\" alt=\"\" width=\"922\" height=\"92\" srcset=\"https:\/\/www.ch-info.ch\/wp\/wp-content\/uploads\/2020\/05\/sommerferien-schweiz-2020.jpg 922w, https:\/\/www.ch-info.ch\/wp\/wp-content\/uploads\/2020\/05\/sommerferien-schweiz-2020-300x30.jpg 300w, https:\/\/www.ch-info.ch\/wp\/wp-content\/uploads\/2020\/05\/sommerferien-schweiz-2020-768x77.jpg 768w\" sizes=\"auto, (max-width: 922px) 100vw, 922px\" \/><\/p>\n<p><strong>Ihre Werbung Berner Oberland auf unseren Portalen <a href=\"https:\/\/www.schweiz-ferien.info\" target=\"_blank\" rel=\"noopener noreferrer\">Kontakt\u00a0<\/a><\/strong><\/p>\n<p><a href=\"https:\/\/www.schweiz-ferien.info\/\" target=\"_blank\" rel=\"noopener noreferrer\"><img loading=\"lazy\" decoding=\"async\" class=\"alignnone wp-image-2445 size-full\" title=\"ferien schweiz\" src=\"http:\/\/www.ch-info.ch\/wp\/wp-content\/uploads\/2015\/01\/immobilien-solothurn041.jpg\" alt=\"ferien schweiz\" width=\"916\" height=\"120\" srcset=\"https:\/\/www.ch-info.ch\/wp\/wp-content\/uploads\/2015\/01\/immobilien-solothurn041.jpg 916w, https:\/\/www.ch-info.ch\/wp\/wp-content\/uploads\/2015\/01\/immobilien-solothurn041-300x39.jpg 300w, https:\/\/www.ch-info.ch\/wp\/wp-content\/uploads\/2015\/01\/immobilien-solothurn041-768x101.jpg 768w, https:\/\/www.ch-info.ch\/wp\/wp-content\/uploads\/2015\/01\/immobilien-solothurn041-624x82.jpg 624w\" sizes=\"auto, (max-width: 916px) 100vw, 916px\" \/><\/a><\/p>\n<p>Wir haben f\u00fcr Sie verschiedene Domains, zum Teil mit schon laufenden WordPress oder Jimdoauftritten! Wir verkaufen oder vermieten an exklusiv Partner diese Top Domains ab Fr. 850.- mit Integration in unseren Portale sind Sie innert K\u00fcrze auf Seite 1 in Ihrer Region. Erst dann wird die Seo Pr\u00e4mie f\u00e4llig vonFr. 480.- im Jahr.<\/p>\n<p><a href=\"https:\/\/www.Immobilien-Thunersee.com\" target=\"_blank\" rel=\"noopener noreferrer\">Immobilien-Thunersee.com<\/a> &#8211; WP bei Solnet kaufen oder mieten?<\/p>\n<p><a href=\"https:\/\/www.immobilien-berneroberland.com\/\" target=\"_blank\" rel=\"noopener noreferrer\">Immobilien-Berneroberland.com<\/a> &#8211; WP Solnet<\/p>\n<p><a href=\"https:\/\/www.ferienwohnung-thunersee.ch\" target=\"_blank\" rel=\"noopener noreferrer\">Ferienwohnung-Thunersee.ch<\/a> &#8211; WP bei Solnet kaufen oder mieten?<\/p>\n<p><a href=\"https:\/\/www.ferienwohnung-berneroberland.com\/\" target=\"_blank\" rel=\"noopener noreferrer\">Ferienwohnung-Berneroberland.ch<\/a> &#8211; als WP oder als Jimdo<br \/>\naktuell als free Seite auf ferienwohnung-berneroberland.jimdo.com<\/p>\n<p><a href=\"http:\/\/www.ferienwohnung-grindelwald.ch\" target=\"_blank\" rel=\"noopener noreferrer\">Ferienwohnung Grindelwald.ch<\/a><\/p>\n<p><a href=\"https:\/\/www.schweiz-ferien.info\/bern-berneroberland\/ausfl%C3%BCge-ab-bern\/\" target=\"_blank\" rel=\"noopener noreferrer\">Ausfl\u00fcge Berner Oberland<\/a> &#8211; <a href=\"https:\/\/www.schweiz-ferien.info\/bern-berneroberland\/unterk%C3%BCnfte\/\" target=\"_blank\" rel=\"noopener noreferrer\">Hotels Berneroberland<\/a> &#8211; <a href=\"http:\/\/www.skiurlaubschweiz.ch\/skiurlaub-berneroberland\/\" target=\"_blank\" rel=\"noopener noreferrer\">Skiurlaub Berneroberland<\/a><\/p>\n<p>&nbsp;<\/p>\n<h2>Autofreies Skigebiet Berner Oberland<\/h2>\n<p>Nur ein Skigebiet ist exklusiv <a href=\"https:\/\/www.skiurlaubschweiz.ch\/schilthorn-ch\/\" target=\"_blank\" rel=\"noopener\">autofreier Skiurlaub Berner Oberland<\/a> Partner und damit bei Google zu\u00a0 oberst. Aktuell der Link Partner Schilthorn M\u00fcrren!<\/p>\n<p>Wir bewerben und verlinken Sie als Seo Kunde dann auch auf den Portalen oben!<\/p>\n<p>Bez\u00fcglich Vermietung und Verkauf stehen mehrere Portale zur Verf\u00fcgung, die wir Ihnen als ch-info.ch Partner vermieten und dann auch verkaufen k\u00f6nnten.<\/p>\n<p>Kontakt userhelp.ch<\/p>\n<p>&nbsp;<\/p>\n<p><strong>Seo Infos: es steht die Domain www.hotel-berneroberland.ch zur Verf\u00fcgung mit oder ohne Webauftritt. Auf Wunsch mit Links von diesen und anderen Tourismus Seiten, siehe<a href=\"https:\/\/www.userhelp.ch\" target=\"_blank\" rel=\"noopener noreferrer\"> userhelp.ch<\/a><\/strong><\/p>\n<p><strong>Aktuell l\u00e4uft nur eine gratis Webseite unter<a href=\"https:\/\/hotel-berneroberland.jimdo.com\/\" target=\"_blank\" rel=\"noopener noreferrer\"> https:\/\/hotel-berneroberland.jimdo.com\/<\/a><\/strong><\/p>\n<p><strong><a href=\"http:\/\/www.ch-info.ch\/wp\/hotels-berneroberland\/\" target=\"_blank\" rel=\"noopener noreferrer\">http:\/\/www.ch-info.ch\/wp\/hotels-berneroberland\/<\/a><\/strong><\/p>\n<p><strong><a href=\"http:\/\/www.ch-info.ch\/wp\/lokalportale\/tourismus-toppartner\/hotels-schweiz\/hotels-berneroberland\/\" target=\"_blank\" rel=\"noopener noreferrer\">http:\/\/www.ch-info.ch\/wp\/lokalportale\/tourismus-toppartner\/hotels-schweiz\/hotels-berneroberland\/<\/a><\/strong><\/p>\n","protected":false},"excerpt":{"rendered":"<p>Ferienwohnungen Berner Oberland Ihre Werbung Berner Oberland auf unseren Portalen Kontakt\u00a0 Wir haben f\u00fcr Sie verschiedene Domains, zum Teil mit schon laufenden WordPress oder Jimdoauftritten! Wir verkaufen oder vermieten an exklusiv Partner diese Top Domains ab Fr. 850.- mit Integration in unseren Portale sind Sie innert K\u00fcrze auf Seite 1 in Ihrer Region. Erst dann [&hellip;]<\/p>\n","protected":false},"author":1,"featured_media":0,"parent":0,"menu_order":0,"comment_status":"closed","ping_status":"closed","template":"","meta":{"footnotes":""},"class_list":["post-6326","page","type-page","status-publish","czr-hentry"],"_links":{"self":[{"href":"https:\/\/www.ch-info.ch\/wp\/wp-json\/wp\/v2\/pages\/6326","targetHints":{"allow":["GET"]}}],"collection":[{"href":"https:\/\/www.ch-info.ch\/wp\/wp-json\/wp\/v2\/pages"}],"about":[{"href":"https:\/\/www.ch-info.ch\/wp\/wp-json\/wp\/v2\/types\/page"}],"author":[{"embeddable":true,"href":"https:\/\/www.ch-info.ch\/wp\/wp-json\/wp\/v2\/users\/1"}],"replies":[{"embeddable":true,"href":"https:\/\/www.ch-info.ch\/wp\/wp-json\/wp\/v2\/comments?post=6326"}],"version-history":[{"count":20,"href":"https:\/\/www.ch-info.ch\/wp\/wp-json\/wp\/v2\/pages\/6326\/revisions"}],"predecessor-version":[{"id":9264,"href":"https:\/\/www.ch-info.ch\/wp\/wp-json\/wp\/v2\/pages\/6326\/revisions\/9264"}],"wp:attachment":[{"href":"https:\/\/www.ch-info.ch\/wp\/wp-json\/wp\/v2\/media?parent=6326"}],"curies":[{"name":"wp","href":"https:\/\/api.w.org\/{rel}","templated":true}]}}